{"id":136,"date":"2023-03-21T12:56:28","date_gmt":"2023-03-21T11:56:28","guid":{"rendered":"https:\/\/isolez-votre-maison.fr\/index.php\/sample-page\/"},"modified":"2024-09-09T10:04:00","modified_gmt":"2024-09-09T08:04:00","slug":"sample-page","status":"publish","type":"page","link":"https:\/\/isolez-votre-maison.fr\/index.php\/sample-page\/","title":{"rendered":"Mentions legales"},"content":{"rendered":"\t\t<div data-elementor-type=\"wp-page\" data-elementor-id=\"136\" class=\"elementor elementor-136\" data-elementor-settings=\"{&quot;element_pack_global_tooltip_width&quot;:{&quot;unit&quot;:&quot;px&quot;,&quot;size&quot;:&quot;&quot;,&quot;sizes&quot;:[]},&quot;element_pack_global_tooltip_width_tablet&quot;:{&quot;unit&quot;:&quot;px&quot;,&quot;size&quot;:&quot;&quot;,&quot;sizes&quot;:[]},&quot;element_pack_global_tooltip_width_mobile&quot;:{&quot;unit&quot;:&quot;px&quot;,&quot;size&quot;:&quot;&quot;,&quot;sizes&quot;:[]},&quot;element_pack_global_tooltip_padding&quot;:{&quot;unit&quot;:&quot;px&quot;,&quot;top&quot;:&quot;&quot;,&quot;right&quot;:&quot;&quot;,&quot;bottom&quot;:&quot;&quot;,&quot;left&quot;:&quot;&quot;,&quot;isLinked&quot;:true},&quot;element_pack_global_tooltip_padding_tablet&quot;:{&quot;unit&quot;:&quot;px&quot;,&quot;top&quot;:&quot;&quot;,&quot;right&quot;:&quot;&quot;,&quot;bottom&quot;:&quot;&quot;,&quot;left&quot;:&quot;&quot;,&quot;isLinked&quot;:true},&quot;element_pack_global_tooltip_padding_mobile&quot;:{&quot;unit&quot;:&quot;px&quot;,&quot;top&quot;:&quot;&quot;,&quot;right&quot;:&quot;&quot;,&quot;bottom&quot;:&quot;&quot;,&quot;left&quot;:&quot;&quot;,&quot;isLinked&quot;:true},&quot;element_pack_global_tooltip_border_radius&quot;:{&quot;unit&quot;:&quot;px&quot;,&quot;top&quot;:&quot;&quot;,&quot;right&quot;:&quot;&quot;,&quot;bottom&quot;:&quot;&quot;,&quot;left&quot;:&quot;&quot;,&quot;isLinked&quot;:true},&quot;element_pack_global_tooltip_border_radius_tablet&quot;:{&quot;unit&quot;:&quot;px&quot;,&quot;top&quot;:&quot;&quot;,&quot;right&quot;:&quot;&quot;,&quot;bottom&quot;:&quot;&quot;,&quot;left&quot;:&quot;&quot;,&quot;isLinked&quot;:true},&quot;element_pack_global_tooltip_border_radius_mobile&quot;:{&quot;unit&quot;:&quot;px&quot;,&quot;top&quot;:&quot;&quot;,&quot;right&quot;:&quot;&quot;,&quot;bottom&quot;:&quot;&quot;,&quot;left&quot;:&quot;&quot;,&quot;isLinked&quot;:true}}\">\n\t\t\t\t<div class=\"elementor-element elementor-element-34a597c7 e-flex e-con-boxed e-con e-parent\" data-id=\"34a597c7\" data-element_type=\"container\">\n\t\t\t\t\t<div class=\"e-con-inner\">\n\t\t\t\t<div class=\"elementor-element elementor-element-25699156 elementor-widget elementor-widget-text-editor\" data-id=\"25699156\" data-element_type=\"widget\" data-widget_type=\"text-editor.default\">\n\t\t\t\t<div class=\"elementor-widget-container\">\n\t\t\t<style>\/*! elementor - v3.23.0 - 05-08-2024 *\/\n.elementor-widget-text-editor.elementor-drop-cap-view-stacked .elementor-drop-cap{background-color:#69727d;color:#fff}.elementor-widget-text-editor.elementor-drop-cap-view-framed .elementor-drop-cap{color:#69727d;border:3px solid;background-color:transparent}.elementor-widget-text-editor:not(.elementor-drop-cap-view-default) .elementor-drop-cap{margin-top:8px}.elementor-widget-text-editor:not(.elementor-drop-cap-view-default) .elementor-drop-cap-letter{width:1em;height:1em}.elementor-widget-text-editor .elementor-drop-cap{float:left;text-align:center;line-height:1;font-size:50px}.elementor-widget-text-editor .elementor-drop-cap-letter{display:inline-block}<\/style>\t\t\t\t<!-- wp:paragraph -->\n<p><!-- wp:paragraph --><\/p>\n<h2>Mentions<strong> l\u00e9gales<\/strong><\/h2>\n<h3><strong>Pr\u00e9sentation de la soci\u00e9t\u00e9<\/strong><\/h3>\n<p>\u00a0<\/p>\n<p>La pr\u00e9sente plateforme est la propri\u00e9t\u00e9 exclusive de la soci\u00e9t\u00e9 Eco&rsquo;ness, une entreprise sous la forme juridique SAS (soci\u00e9t\u00e9 par actions simplifi\u00e9e). Elle dispose d&rsquo;un capital de 1 000 euros et est \u00e9tablie au 2 rue Suchet 94700 Maisons-Alfort. Elle est enregistr\u00e9e avec le num\u00e9ro 87770298500020.<\/p>\n<p>\u00a0<\/p>\n<h3><strong>Responsabilit\u00e9 \u00e9ditoriale<\/strong><\/h3>\n<p>\u00a0<\/p>\n<p>Mr Ellia, en tant que Directeur de la publication, assume la responsabilit\u00e9 concernant le contenu diffus\u00e9 sur ce site.<\/p>\n<p>\u00a0<\/p>\n<h3><strong>Droits et utilisations<\/strong><\/h3>\n<p>\u00a0<\/p>\n<p>En vertu des articles L111-1 et suivants du Code de la propri\u00e9t\u00e9 intellectuelle, l&rsquo;ensemble des contenus pr\u00e9sents sur ce site est la propri\u00e9t\u00e9 exclusive de la Soci\u00e9t\u00e9 Eco&rsquo;ness. Toute reproduction, repr\u00e9sentation, utilisation ou adaptation, sous quelque forme que ce soit, de tout ou partie de ces \u00e9l\u00e9ments, y compris les applications informatiques, sans l&rsquo;accord pr\u00e9alable et \u00e9crit de la Soci\u00e9t\u00e9 Eco&rsquo;ness, est strictement interdite. Les contenus de cette plateforme, y compris les images, les textes, et les logos, sont prot\u00e9g\u00e9s par des droits de propri\u00e9t\u00e9 intellectuelle. Toute reproduction, m\u00eame partielle, sans l&rsquo;autorisation pr\u00e9alable de Eco&rsquo;ness est strictement interdite.<\/p>\n<h3><strong>Protection des bases de donn\u00e9es<\/strong><\/h3>\n<p>\u00a0<\/p>\n<p>Les donn\u00e9es pr\u00e9sentes sur cette plateforme sont sauvegard\u00e9es et prot\u00e9g\u00e9es conform\u00e9ment \u00e0 la loi du 11 juillet 1998. Toute extraction ou tentative d&rsquo;extraction, qu&rsquo;elle soit totale ou partielle, est susceptible d&rsquo;engager la responsabilit\u00e9 de l&rsquo;utilisateur.<\/p>\n<p>\u00a0<\/p>\n<h3><strong>Liens et contenus externes<\/strong><\/h3>\n<p>\u00a0<\/p>\n<p>Les liens hypertextes mis en \u0153uvre au sein du site en direction d&rsquo;autres sites et\/ou de pages personnelles et d&rsquo;une mani\u00e8re g\u00e9n\u00e9rale vers toutes ressources existantes sur Internet ne sauraient engager la responsabilit\u00e9 de la soci\u00e9t\u00e9 Eco&rsquo;ness\u00a0quant aux liens qu&rsquo;ils contiennent ou aux changements ou mises \u00e0 jour qui leur sont apport\u00e9es, conform\u00e9ment \u00e0 l&rsquo;article 6 de la loi n\u00b0 2004-575 du 21 juin 2004.<\/p>\n<p>\u00a0<\/p>\n<h3><strong>H\u00e9bergement du site<\/strong><\/h3>\n<p>\u00a0<\/p>\n<p>Le site aides-isolation-exterieur.fr est h\u00e9berg\u00e9 par OVH SASU. Pour toute requ\u00eate relative \u00e0 l&rsquo;h\u00e9bergement, vous pouvez les contacter :<\/p>\n<ul>\n<li>Adresse : 2 rue Kellermann 59100 Roubaix\u00a0<\/li>\n<\/ul>\n<h3><strong>Nous contacter<\/strong><\/h3>\n<p>\u00a0<\/p>\n<p>Pour toute question ou demande d&rsquo;information concernant le site, ou pour signaler tout contenu illicite ou inappropri\u00e9, veuillez nous contacter \u00e0 contact@aides-isolation-exterieur.fr, conform\u00e9ment \u00e0 l&rsquo;article 6-I-5 de la loi n\u00b0 2004-575 du 21 juin 2004.<\/p>\n<p>\u00a0<\/p>\n<h3><strong>Engagement de confidentialit\u00e9<\/strong><\/h3>\n<p>\u00a0<\/p>\n<p>Notre soci\u00e9t\u00e9 accorde une grande importance \u00e0 la protection de vos donn\u00e9es personnelles. Pour en savoir plus sur la mani\u00e8re dont nous traitons et prot\u00e9geons vos informations, consultez notre Politique de Confidentialit\u00e9.<\/p>\n<p><!-- \/wp:paragraph --><\/p>\n<!-- \/wp:paragraph -->\t\t\t\t\t\t<\/div>\n\t\t\t\t<\/div>\n\t\t\t\t\t<\/div>\n\t\t\t\t<\/div>\n\t\t\t\t<\/div>\n\t\t","protected":false},"excerpt":{"rendered":"<p>Mentions l\u00e9gales Pr\u00e9sentation de la soci\u00e9t\u00e9 \u00a0 La pr\u00e9sente plateforme est la propri\u00e9t\u00e9 exclusive de la soci\u00e9t\u00e9 Eco&rsquo;ness, une entreprise sous la [&hellip;]<\/p>\n","protected":false},"author":1,"featured_media":0,"parent":0,"menu_order":0,"comment_status":"closed","ping_status":"closed","template":"","meta":{"om_disable_all_campaigns":false,"_uf_show_specific_survey":0,"_uf_disable_surveys":false,"footnotes":""},"class_list":["post-136","page","type-page","status-publish","hentry"],"_links":{"self":[{"href":"https:\/\/isolez-votre-maison.fr\/index.php\/wp-json\/wp\/v2\/pages\/136","targetHints":{"allow":["GET"]}}],"collection":[{"href":"https:\/\/isolez-votre-maison.fr\/index.php\/wp-json\/wp\/v2\/pages"}],"about":[{"href":"https:\/\/isolez-votre-maison.fr\/index.php\/wp-json\/wp\/v2\/types\/page"}],"author":[{"embeddable":true,"href":"https:\/\/isolez-votre-maison.fr\/index.php\/wp-json\/wp\/v2\/users\/1"}],"replies":[{"embeddable":true,"href":"https:\/\/isolez-votre-maison.fr\/index.php\/wp-json\/wp\/v2\/comments?post=136"}],"version-history":[{"count":6,"href":"https:\/\/isolez-votre-maison.fr\/index.php\/wp-json\/wp\/v2\/pages\/136\/revisions"}],"predecessor-version":[{"id":681,"href":"https:\/\/isolez-votre-maison.fr\/index.php\/wp-json\/wp\/v2\/pages\/136\/revisions\/681"}],"wp:attachment":[{"href":"https:\/\/isolez-votre-maison.fr\/index.php\/wp-json\/wp\/v2\/media?parent=136"}],"curies":[{"name":"wp","href":"https:\/\/api.w.org\/{rel}","templated":true}]}}