{"id":3,"date":"2024-09-04T14:19:29","date_gmt":"2024-09-04T12:19:29","guid":{"rendered":"http:\/\/isolez-votre-maison.fr\/?page_id=3"},"modified":"2024-09-09T09:51:04","modified_gmt":"2024-09-09T07:51:04","slug":"politique-de-confidentialite","status":"publish","type":"page","link":"https:\/\/isolez-votre-maison.fr\/index.php\/politique-de-confidentialite\/","title":{"rendered":"Politique de confidentialit\u00e9"},"content":{"rendered":"\t\t<div data-elementor-type=\"wp-page\" data-elementor-id=\"3\" class=\"elementor elementor-3\" data-elementor-settings=\"{&quot;element_pack_global_tooltip_width&quot;:{&quot;unit&quot;:&quot;px&quot;,&quot;size&quot;:&quot;&quot;,&quot;sizes&quot;:[]},&quot;element_pack_global_tooltip_width_tablet&quot;:{&quot;unit&quot;:&quot;px&quot;,&quot;size&quot;:&quot;&quot;,&quot;sizes&quot;:[]},&quot;element_pack_global_tooltip_width_mobile&quot;:{&quot;unit&quot;:&quot;px&quot;,&quot;size&quot;:&quot;&quot;,&quot;sizes&quot;:[]},&quot;element_pack_global_tooltip_padding&quot;:{&quot;unit&quot;:&quot;px&quot;,&quot;top&quot;:&quot;&quot;,&quot;right&quot;:&quot;&quot;,&quot;bottom&quot;:&quot;&quot;,&quot;left&quot;:&quot;&quot;,&quot;isLinked&quot;:true},&quot;element_pack_global_tooltip_padding_tablet&quot;:{&quot;unit&quot;:&quot;px&quot;,&quot;top&quot;:&quot;&quot;,&quot;right&quot;:&quot;&quot;,&quot;bottom&quot;:&quot;&quot;,&quot;left&quot;:&quot;&quot;,&quot;isLinked&quot;:true},&quot;element_pack_global_tooltip_padding_mobile&quot;:{&quot;unit&quot;:&quot;px&quot;,&quot;top&quot;:&quot;&quot;,&quot;right&quot;:&quot;&quot;,&quot;bottom&quot;:&quot;&quot;,&quot;left&quot;:&quot;&quot;,&quot;isLinked&quot;:true},&quot;element_pack_global_tooltip_border_radius&quot;:{&quot;unit&quot;:&quot;px&quot;,&quot;top&quot;:&quot;&quot;,&quot;right&quot;:&quot;&quot;,&quot;bottom&quot;:&quot;&quot;,&quot;left&quot;:&quot;&quot;,&quot;isLinked&quot;:true},&quot;element_pack_global_tooltip_border_radius_tablet&quot;:{&quot;unit&quot;:&quot;px&quot;,&quot;top&quot;:&quot;&quot;,&quot;right&quot;:&quot;&quot;,&quot;bottom&quot;:&quot;&quot;,&quot;left&quot;:&quot;&quot;,&quot;isLinked&quot;:true},&quot;element_pack_global_tooltip_border_radius_mobile&quot;:{&quot;unit&quot;:&quot;px&quot;,&quot;top&quot;:&quot;&quot;,&quot;right&quot;:&quot;&quot;,&quot;bottom&quot;:&quot;&quot;,&quot;left&quot;:&quot;&quot;,&quot;isLinked&quot;:true}}\">\n\t\t\t\t<div class=\"elementor-element elementor-element-43be6558 e-flex e-con-boxed e-con e-parent\" data-id=\"43be6558\" data-element_type=\"container\">\n\t\t\t\t\t<div class=\"e-con-inner\">\n\t\t\t\t<div class=\"elementor-element elementor-element-68173be0 elementor-widget elementor-widget-text-editor\" data-id=\"68173be0\" data-element_type=\"widget\" data-widget_type=\"text-editor.default\">\n\t\t\t\t<div class=\"elementor-widget-container\">\n\t\t\t<style>\/*! elementor - v3.23.0 - 05-08-2024 *\/\n.elementor-widget-text-editor.elementor-drop-cap-view-stacked .elementor-drop-cap{background-color:#69727d;color:#fff}.elementor-widget-text-editor.elementor-drop-cap-view-framed .elementor-drop-cap{color:#69727d;border:3px solid;background-color:transparent}.elementor-widget-text-editor:not(.elementor-drop-cap-view-default) .elementor-drop-cap{margin-top:8px}.elementor-widget-text-editor:not(.elementor-drop-cap-view-default) .elementor-drop-cap-letter{width:1em;height:1em}.elementor-widget-text-editor .elementor-drop-cap{float:left;text-align:center;line-height:1;font-size:50px}.elementor-widget-text-editor .elementor-drop-cap-letter{display:inline-block}<\/style>\t\t\t\t<!-- wp:heading -->\n<h2><!-- wp:heading --><\/h2>\n<h2 style=\"text-align: center;\"><strong>Conditions G\u00e9n\u00e9rales d&rsquo;Utilisation (CGU)<\/strong><\/h2>\n<h2><!-- \/wp:heading --><!-- wp:paragraph --><\/h2>\n<h4><strong>Pr\u00e9ambule<\/strong><\/h4>\n<p>Le pr\u00e9sent document d\u00e9finit les termes et conditions sous lesquels vous pouvez utiliser notre site web et les services qui y sont offerts par le site internet isolez-votre-maison.fr<\/p>\n<h3><strong>D\u00e9finitions<\/strong><\/h3>\n<ul>\n<li><strong>Site<\/strong> : d\u00e9signe le site internet accessible \u00e0 l&rsquo;adresse www.isolez-votre-maison.fr<\/li>\n<li><strong>Utilisateur<\/strong>\u00a0: toute personne qui utilise le site ou l&rsquo;un des services propos\u00e9s par le site.<\/li>\n<li><strong>Contenu<\/strong>\u00a0: les informations et publications disponibles sur notre site.<\/li>\n<\/ul>\n<h2><strong>Acc\u00e8s au Site<\/strong><\/h2>\n<p>L&rsquo;acc\u00e8s au site est libre et gratuit \u00e0 tout utilisateur disposant d&rsquo;un acc\u00e8s \u00e0 internet. Tous les co\u00fbts relatifs \u00e0 l&rsquo;acc\u00e8s au site, que ce soit les frais mat\u00e9riel, logiciel ou d&rsquo;acc\u00e8s \u00e0 internet, sont exclusivement \u00e0 la charge de l&rsquo;utilisateur.<\/p>\n<p>\u00a0<\/p>\n<h3><strong>Collecte des Donn\u00e9es<\/strong><\/h3>\n<p>Nous recueillons et traitons vos donn\u00e9es conform\u00e9ment \u00e0 notre Politique de Confidentialit\u00e9.<\/p>\n<p>\u00a0<\/p>\n<h3><strong>Propri\u00e9t\u00e9 Intellectuelle<\/strong><\/h3>\n<p>Le contenu du site, sa structure g\u00e9n\u00e9rale, ainsi que les textes, graphiques, images, sons, vid\u00e9os, sont la propri\u00e9t\u00e9 de la soci\u00e9t\u00e9 ou de ses partenaires. Toute repr\u00e9sentation, reproduction ou exploitation, qu&rsquo;elle soit partielle ou totale, est interdite sans l&rsquo;accord de notre soci\u00e9t\u00e9.<\/p>\n<p>\u00a0<\/p>\n<h3><strong>Responsabilit\u00e9<\/strong><\/h3>\n<p>Le site internet isolez-votre-maison.fr ne peut \u00eatre tenue pour responsable en cas de d\u00e9faillances, pannes, difficult\u00e9s ou interruptions de fonctionnement, emp\u00eachant l&rsquo;acc\u00e8s au site ou \u00e0 l&rsquo;une de ses fonctionnalit\u00e9s.<\/p>\n<p>L&rsquo;\u00e9quipement de connexion utilis\u00e9 pour acc\u00e9der au site est sous la responsabilit\u00e9 de l&rsquo;utilisateur, de m\u00eame que la recherche et la mise en place de mesures de protection contre tout virus ou autres attaques informatiques.<\/p>\n<p>\u00a0<\/p>\n<h3><strong>Liens Externes<\/strong><\/h3>\n<p>Le site peut contenir des liens vers d&rsquo;autres sites web non exploit\u00e9s ni contr\u00f4l\u00e9s. Nous ne pouvons en aucun cas \u00eatre tenu pour responsable du contenu, fonctionnement, ou de l&rsquo;acc\u00e8s \u00e0 ces sites.<\/p>\n<p>\u00a0<\/p>\n<h3><strong>Dur\u00e9e et R\u00e9siliation<\/strong><\/h3>\n<p>Le pr\u00e9sent accord est effectif \u00e0 partir de la date d&rsquo;utilisation du site. Les pr\u00e9sentes conditions peuvent \u00eatre modifi\u00e9es \u00e0 tout moment. Les nouvelles conditions s&rsquo;appliqueront \u00e0 compter de leur mise en ligne.<\/p>\n<p>\u00a0<\/p>\n<h3><strong>Droit Applicable et Juridiction<\/strong><\/h3>\n<p>Les pr\u00e9sentes CGU sont r\u00e9gies par le droit fran\u00e7ais. En cas de litige relatif \u00e0 la validit\u00e9, l&rsquo;interpr\u00e9tation et\/ou l&rsquo;ex\u00e9cution de ces CGU, les parties conviennent que les tribunaux de Paris seront exclusivement comp\u00e9tents pour en juger.<\/p>\n<p>\u00a0<\/p>\n<h3><strong>Contact<\/strong><\/h3>\n<p>Pour toute question relative aux pr\u00e9sentes CGU, vous pouvez nous \u00e9crire par e-mail \u00e0 <b>contact@isolez-votre-maison.fr<\/b><\/p>\n<h2><!-- \/wp:paragraph --><\/h2>\n<!-- \/wp:paragraph -->\t\t\t\t\t\t<\/div>\n\t\t\t\t<\/div>\n\t\t\t\t\t<\/div>\n\t\t\t\t<\/div>\n\t\t\t\t<\/div>\n\t\t","protected":false},"excerpt":{"rendered":"<p>Conditions G\u00e9n\u00e9rales d&rsquo;Utilisation (CGU) Pr\u00e9ambule Le pr\u00e9sent document d\u00e9finit les termes et conditions sous lesquels vous pouvez utiliser notre site web et [&hellip;]<\/p>\n","protected":false},"author":1,"featured_media":0,"parent":0,"menu_order":0,"comment_status":"closed","ping_status":"open","template":"","meta":{"om_disable_all_campaigns":false,"_uf_show_specific_survey":0,"_uf_disable_surveys":false,"footnotes":""},"class_list":["post-3","page","type-page","status-publish","hentry"],"_links":{"self":[{"href":"https:\/\/isolez-votre-maison.fr\/index.php\/wp-json\/wp\/v2\/pages\/3","targetHints":{"allow":["GET"]}}],"collection":[{"href":"https:\/\/isolez-votre-maison.fr\/index.php\/wp-json\/wp\/v2\/pages"}],"about":[{"href":"https:\/\/isolez-votre-maison.fr\/index.php\/wp-json\/wp\/v2\/types\/page"}],"author":[{"embeddable":true,"href":"https:\/\/isolez-votre-maison.fr\/index.php\/wp-json\/wp\/v2\/users\/1"}],"replies":[{"embeddable":true,"href":"https:\/\/isolez-votre-maison.fr\/index.php\/wp-json\/wp\/v2\/comments?post=3"}],"version-history":[{"count":4,"href":"https:\/\/isolez-votre-maison.fr\/index.php\/wp-json\/wp\/v2\/pages\/3\/revisions"}],"predecessor-version":[{"id":674,"href":"https:\/\/isolez-votre-maison.fr\/index.php\/wp-json\/wp\/v2\/pages\/3\/revisions\/674"}],"wp:attachment":[{"href":"https:\/\/isolez-votre-maison.fr\/index.php\/wp-json\/wp\/v2\/media?parent=3"}],"curies":[{"name":"wp","href":"https:\/\/api.w.org\/{rel}","templated":true}]}}